{"id":95,"date":"2018-02-16T13:54:02","date_gmt":"2018-02-16T18:54:02","guid":{"rendered":"https:\/\/ambl.org\/motos\/?page_id=95"},"modified":"2018-03-13T12:55:37","modified_gmt":"2018-03-13T17:55:37","slug":"code-dethique","status":"publish","type":"page","link":"https:\/\/ambl.org\/motos\/code-dethique\/","title":{"rendered":"Code d&rsquo;\u00e9thique \/ Engagement"},"content":{"rendered":"\t\t<div data-elementor-type=\"wp-post\" data-elementor-id=\"95\" class=\"elementor elementor-95 elementor-bc-flex-widget\">\n\t\t\t\t\t\t<section class=\"elementor-section elementor-top-section elementor-element elementor-element-438ce27d elementor-section-boxed elementor-section-height-default elementor-section-height-default\" data-id=\"438ce27d\" data-element_type=\"section\" data-e-type=\"section\">\n\t\t\t\t\t\t<div class=\"elementor-container elementor-column-gap-default\">\n\t\t\t\t\t<div class=\"elementor-column elementor-col-100 elementor-top-column elementor-element elementor-element-681a913a\" data-id=\"681a913a\" data-element_type=\"column\" data-e-type=\"column\">\n\t\t\t<div class=\"elementor-widget-wrap elementor-element-populated\">\n\t\t\t\t\t\t<div class=\"elementor-element elementor-element-5b335be elementor-invisible elementor-widget elementor-widget-text-editor\" data-id=\"5b335be\" data-element_type=\"widget\" data-e-type=\"widget\" data-settings=\"{&quot;_animation&quot;:&quot;fadeInDown&quot;,&quot;_animation_delay&quot;:100}\" data-widget_type=\"text-editor.default\">\n\t\t\t\t<div class=\"elementor-widget-container\">\n\t\t\t\t\t\t\t\t\t<p>Code d&rsquo;\u00e9thique \/ engagement<\/p>\t\t\t\t\t\t\t\t<\/div>\n\t\t\t\t<\/div>\n\t\t\t\t<div class=\"elementor-element elementor-element-63a84a39 elementor-widget elementor-widget-text-editor\" data-id=\"63a84a39\" data-element_type=\"widget\" data-e-type=\"widget\" data-widget_type=\"text-editor.default\">\n\t\t\t\t<div class=\"elementor-widget-container\">\n\t\t\t\t\t\t\t\t\t<p>Chaque membre s&rsquo;engage \u00e0:<\/p><ul><li>respecter les r\u00e8glements de l&rsquo;association et les consignes de s\u00e9curit\u00e9<\/li><li>respecter les lois du code de la s\u00e9curit\u00e9 routi\u00e8re<\/li><li>respecter les autres motocyclistes et les automobilistes<\/li><li>faire preuve de civisme et de courtoisie sur la route<\/li><li>avoir une moto conforme (silencieux non modifi\u00e9) et la maintenir en bon \u00e9tat de fonctionner\u00a0<\/li><li>porter assistance \u00e0 un co-\u00e9quipier en difficult\u00e9<\/li><li>\u00eatre agr\u00e9able et de bonne humeur durant les randonn\u00e9es<\/li><li>renoncer \u00e0 son droit de poursuite contre l\u2019AMBL, ses administrateurs et ses b\u00e9n\u00e9voles<\/li><\/ul>\t\t\t\t\t\t\t\t<\/div>\n\t\t\t\t<\/div>\n\t\t\t\t\t<\/div>\n\t\t<\/div>\n\t\t\t\t\t<\/div>\n\t\t<\/section>\n\t\t\t\t<\/div>\n\t\t","protected":false},"excerpt":{"rendered":"<p>Code d&rsquo;\u00e9thique \/ engagement Chaque membre s&rsquo;engage \u00e0: respecter les r\u00e8glements de l&rsquo;association et les consignes de s\u00e9curit\u00e9 respecter les lois du code de la s\u00e9curit\u00e9 routi\u00e8re respecter les autres motocyclistes et les automobilistes faire preuve de civisme et de courtoisie sur la route avoir une moto conforme (silencieux non modifi\u00e9) et la maintenir en [&hellip;]<\/p>\n","protected":false},"author":1,"featured_media":0,"parent":0,"menu_order":0,"comment_status":"closed","ping_status":"closed","template":"","meta":{"ocean_post_layout":"","ocean_both_sidebars_style":"","ocean_both_sidebars_content_width":0,"ocean_both_sidebars_sidebars_width":0,"ocean_sidebar":"","ocean_second_sidebar":"","ocean_disable_margins":"enable","ocean_add_body_class":"","ocean_shortcode_before_top_bar":"","ocean_shortcode_after_top_bar":"","ocean_shortcode_before_header":"","ocean_shortcode_after_header":"","ocean_has_shortcode":"","ocean_shortcode_after_title":"","ocean_shortcode_before_footer_widgets":"","ocean_shortcode_after_footer_widgets":"","ocean_shortcode_before_footer_bottom":"","ocean_shortcode_after_footer_bottom":"","ocean_display_top_bar":"default","ocean_display_header":"default","ocean_header_style":"","ocean_center_header_left_menu":"","ocean_custom_header_template":"","ocean_custom_logo":0,"ocean_custom_retina_logo":0,"ocean_custom_logo_max_width":0,"ocean_custom_logo_tablet_max_width":0,"ocean_custom_logo_mobile_max_width":0,"ocean_custom_logo_max_height":0,"ocean_custom_logo_tablet_max_height":0,"ocean_custom_logo_mobile_max_height":0,"ocean_header_custom_menu":"","ocean_menu_typo_font_family":"","ocean_menu_typo_font_subset":"","ocean_menu_typo_font_size":0,"ocean_menu_typo_font_size_tablet":0,"ocean_menu_typo_font_size_mobile":0,"ocean_menu_typo_font_size_unit":"px","ocean_menu_typo_font_weight":"","ocean_menu_typo_font_weight_tablet":"","ocean_menu_typo_font_weight_mobile":"","ocean_menu_typo_transform":"","ocean_menu_typo_transform_tablet":"","ocean_menu_typo_transform_mobile":"","ocean_menu_typo_line_height":0,"ocean_menu_typo_line_height_tablet":0,"ocean_menu_typo_line_height_mobile":0,"ocean_menu_typo_line_height_unit":"","ocean_menu_typo_spacing":0,"ocean_menu_typo_spacing_tablet":0,"ocean_menu_typo_spacing_mobile":0,"ocean_menu_typo_spacing_unit":"","ocean_menu_link_color":"","ocean_menu_link_color_hover":"","ocean_menu_link_color_active":"","ocean_menu_link_background":"","ocean_menu_link_hover_background":"","ocean_menu_link_active_background":"","ocean_menu_social_links_bg":"","ocean_menu_social_hover_links_bg":"","ocean_menu_social_links_color":"","ocean_menu_social_hover_links_color":"","ocean_disable_title":"default","ocean_disable_heading":"default","ocean_post_title":"","ocean_post_subheading":"","ocean_post_title_style":"","ocean_post_title_background_color":"","ocean_post_title_background":0,"ocean_post_title_bg_image_position":"","ocean_post_title_bg_image_attachment":"","ocean_post_title_bg_image_repeat":"","ocean_post_title_bg_image_size":"","ocean_post_title_height":0,"ocean_post_title_bg_overlay":0.5,"ocean_post_title_bg_overlay_color":"","ocean_disable_breadcrumbs":"default","ocean_breadcrumbs_color":"","ocean_breadcrumbs_separator_color":"","ocean_breadcrumbs_links_color":"","ocean_breadcrumbs_links_hover_color":"","ocean_display_footer_widgets":"default","ocean_display_footer_bottom":"default","ocean_custom_footer_template":"","footnotes":""},"class_list":["post-95","page","type-page","status-publish","hentry","entry"],"aioseo_notices":[],"_links":{"self":[{"href":"https:\/\/ambl.org\/motos\/wp-json\/wp\/v2\/pages\/95","targetHints":{"allow":["GET"]}}],"collection":[{"href":"https:\/\/ambl.org\/motos\/wp-json\/wp\/v2\/pages"}],"about":[{"href":"https:\/\/ambl.org\/motos\/wp-json\/wp\/v2\/types\/page"}],"author":[{"embeddable":true,"href":"https:\/\/ambl.org\/motos\/wp-json\/wp\/v2\/users\/1"}],"replies":[{"embeddable":true,"href":"https:\/\/ambl.org\/motos\/wp-json\/wp\/v2\/comments?post=95"}],"version-history":[{"count":21,"href":"https:\/\/ambl.org\/motos\/wp-json\/wp\/v2\/pages\/95\/revisions"}],"predecessor-version":[{"id":1045,"href":"https:\/\/ambl.org\/motos\/wp-json\/wp\/v2\/pages\/95\/revisions\/1045"}],"wp:attachment":[{"href":"https:\/\/ambl.org\/motos\/wp-json\/wp\/v2\/media?parent=95"}],"curies":[{"name":"wp","href":"https:\/\/api.w.org\/{rel}","templated":true}]}}